{"id":2367,"date":"2023-03-17T10:58:05","date_gmt":"2023-03-17T09:58:05","guid":{"rendered":"http:\/\/www.doalcorreduria.es\/?page_id=2367"},"modified":"2023-04-13T16:33:36","modified_gmt":"2023-04-13T14:33:36","slug":"impago-de-alquiler-locales-comerciales","status":"publish","type":"page","link":"https:\/\/www.doalcorreduria.es\/index.php\/impago-de-alquiler-locales-comerciales\/","title":{"rendered":"Impago de alquiler de locales comerciales"},"content":{"rendered":"\t\t<div data-elementor-type=\"wp-page\" data-elementor-id=\"2367\" class=\"elementor elementor-2367\">\n\t\t\t\t\t\t\t\t\t<section class=\"elementor-section elementor-top-section elementor-element elementor-element-366fd0c elementor-section-boxed elementor-section-height-default elementor-section-height-default\" data-id=\"366fd0c\" data-element_type=\"section\">\n\t\t\t\t\t\t<div class=\"elementor-container elementor-column-gap-default\">\n\t\t\t\t\t<div class=\"elementor-column elementor-col-33 elementor-top-column elementor-element elementor-element-9343d66\" data-id=\"9343d66\" data-element_type=\"column\">\n\t\t\t<div class=\"elementor-widget-wrap elementor-element-populated\">\n\t\t\t\t\t\t\t\t<div class=\"elementor-element elementor-element-99fddf2 elementor-widget elementor-widget-insur-sidebar\" data-id=\"99fddf2\" data-element_type=\"widget\" data-widget_type=\"insur-sidebar.default\">\n\t\t\t\t<div class=\"elementor-widget-container\">\n\t\t\t    <div class=\"make-a-claim__claim-box\">\r\n        <div class=\"menu-seguros-particulares-sidebar-container\"><ul id=\"menu-seguros-particulares-sidebar\" class=\"make-a-claim__claim-list list-unstyled ml-0\"><li id=\"menu-item-2147\" class=\"menu-item menu-item-type-post_type menu-item-object-page menu-item-2147\"><a href=\"https:\/\/www.doalcorreduria.es\/index.php\/seguro-de-automovil\/\">Seguro de autom\u00f3vil<span class=\"icon-right-arrow1\"><\/span><\/a><\/li>\n<li id=\"menu-item-2318\" class=\"menu-item menu-item-type-post_type menu-item-object-page menu-item-2318\"><a href=\"https:\/\/www.doalcorreduria.es\/index.php\/seguro-de-hogar\/\">Seguro de hogar<span class=\"icon-right-arrow1\"><\/span><\/a><\/li>\n<li id=\"menu-item-2392\" class=\"menu-item menu-item-type-post_type menu-item-object-page menu-item-2392\"><a href=\"https:\/\/www.doalcorreduria.es\/index.php\/seguro-de-comunidades\/\">Seguro de comunidades<span class=\"icon-right-arrow1\"><\/span><\/a><\/li>\n<li id=\"menu-item-2391\" class=\"menu-item menu-item-type-post_type menu-item-object-page menu-item-2391\"><a href=\"https:\/\/www.doalcorreduria.es\/index.php\/seguro-de-vida\/\">Seguro de vida<span class=\"icon-right-arrow1\"><\/span><\/a><\/li>\n<li id=\"menu-item-2389\" class=\"menu-item menu-item-type-post_type menu-item-object-page menu-item-2389\"><a href=\"https:\/\/www.doalcorreduria.es\/index.php\/seguro-de-salud\/\">Seguro de salud<span class=\"icon-right-arrow1\"><\/span><\/a><\/li>\n<li id=\"menu-item-2387\" class=\"menu-item menu-item-type-post_type menu-item-object-page menu-item-2387\"><a href=\"https:\/\/www.doalcorreduria.es\/index.php\/proteccion-juridica-completa\/\">Protecci\u00f3n jur\u00eddica completa<span class=\"icon-right-arrow1\"><\/span><\/a><\/li>\n<li id=\"menu-item-2386\" class=\"menu-item menu-item-type-post_type menu-item-object-page menu-item-2386\"><a href=\"https:\/\/www.doalcorreduria.es\/index.php\/seguro-de-responsabilidad-civil\/\">Seguro de responsabilidad civil<span class=\"icon-right-arrow1\"><\/span><\/a><\/li>\n<li id=\"menu-item-2385\" class=\"menu-item menu-item-type-post_type menu-item-object-page menu-item-2385\"><a href=\"https:\/\/www.doalcorreduria.es\/index.php\/impago-de-alquiler-vivienda\/\">Impago de alquiler vivienda<span class=\"icon-right-arrow1\"><\/span><\/a><\/li>\n<li id=\"menu-item-2384\" class=\"menu-item menu-item-type-post_type menu-item-object-page menu-item-2384\"><a href=\"https:\/\/www.doalcorreduria.es\/index.php\/impago-de-alquiler-locales-comerciales\/\">Impago de alquiler de locales comerciales<span class=\"icon-right-arrow1\"><\/span><\/a><\/li>\n<li id=\"menu-item-2383\" class=\"menu-item menu-item-type-post_type menu-item-object-page menu-item-2383\"><a href=\"https:\/\/www.doalcorreduria.es\/index.php\/seguro-de-indemnizacion-por-incapacidad-laboral-temporal\/\">Seguro de incapacidad laboral temporal (ILT)<span class=\"icon-right-arrow1\"><\/span><\/a><\/li>\n<li id=\"menu-item-2412\" class=\"menu-item menu-item-type-post_type menu-item-object-page menu-item-2412\"><a href=\"https:\/\/www.doalcorreduria.es\/index.php\/seguro-de-decesos\/\">Seguro de decesos<span class=\"icon-right-arrow1\"><\/span><\/a><\/li>\n<\/ul><\/div>    <\/div>\r\n\t\t<\/div>\n\t\t\t\t<\/div>\n\t\t\t\t\t<\/div>\n\t\t<\/div>\n\t\t\t\t<div class=\"elementor-column elementor-col-66 elementor-top-column elementor-element elementor-element-cd49a05\" data-id=\"cd49a05\" data-element_type=\"column\">\n\t\t\t<div class=\"elementor-widget-wrap elementor-element-populated\">\n\t\t\t\t\t\t\t\t<div class=\"elementor-element elementor-element-a4f304e insurance-details__text-1 elementor-widget elementor-widget-heading\" data-id=\"a4f304e\" data-element_type=\"widget\" data-widget_type=\"heading.default\">\n\t\t\t\t<div class=\"elementor-widget-container\">\n\t\t\t<style>\/*! elementor - v3.12.1 - 02-04-2023 *\/\n.elementor-heading-title{padding:0;margin:0;line-height:1}.elementor-widget-heading .elementor-heading-title[class*=elementor-size-]>a{color:inherit;font-size:inherit;line-height:inherit}.elementor-widget-heading .elementor-heading-title.elementor-size-small{font-size:15px}.elementor-widget-heading .elementor-heading-title.elementor-size-medium{font-size:19px}.elementor-widget-heading .elementor-heading-title.elementor-size-large{font-size:29px}.elementor-widget-heading .elementor-heading-title.elementor-size-xl{font-size:39px}.elementor-widget-heading .elementor-heading-title.elementor-size-xxl{font-size:59px}<\/style><p class=\"elementor-heading-title elementor-size-medium\">Se garantiza la defensa o reclamaci\u00f3n de los derechos del asegurado, en v\u00eda judicial, en los conflictos directamente relacionados con el contrato de arrendamiento. \n<br><br>Asimismo, se garantizan los juicios de desahucio por falta de pago o por obras no consentidas cuando el asegurado sea demandante. La reclamaci\u00f3n de las rentas impagadas queda tambi\u00e9n garantizada.<\/p>\t\t<\/div>\n\t\t\t\t<\/div>\n\t\t\t\t<section class=\"elementor-section elementor-inner-section elementor-element elementor-element-d85b8e1 elementor-section-boxed elementor-section-height-default elementor-section-height-default\" data-id=\"d85b8e1\" data-element_type=\"section\">\n\t\t\t\t\t\t<div class=\"elementor-container elementor-column-gap-no\">\n\t\t\t\t\t<div class=\"elementor-column elementor-col-100 elementor-inner-column elementor-element elementor-element-b641c3a\" data-id=\"b641c3a\" data-element_type=\"column\">\n\t\t\t<div class=\"elementor-widget-wrap\">\n\t\t\t\t\t\t\t\t\t<\/div>\n\t\t<\/div>\n\t\t\t\t\t\t\t<\/div>\n\t\t<\/section>\n\t\t\t\t<div class=\"elementor-element elementor-element-582c3a6 elementor-widget-divider--view-line elementor-widget elementor-widget-divider\" data-id=\"582c3a6\" data-element_type=\"widget\" data-widget_type=\"divider.default\">\n\t\t\t\t<div class=\"elementor-widget-container\">\n\t\t\t<style>\/*! elementor - v3.12.1 - 02-04-2023 *\/\n.elementor-widget-divider{--divider-border-style:none;--divider-border-width:1px;--divider-color:#0c0d0e;--divider-icon-size:20px;--divider-element-spacing:10px;--divider-pattern-height:24px;--divider-pattern-size:20px;--divider-pattern-url:none;--divider-pattern-repeat:repeat-x}.elementor-widget-divider .elementor-divider{display:flex}.elementor-widget-divider .elementor-divider__text{font-size:15px;line-height:1;max-width:95%}.elementor-widget-divider .elementor-divider__element{margin:0 var(--divider-element-spacing);flex-shrink:0}.elementor-widget-divider .elementor-icon{font-size:var(--divider-icon-size)}.elementor-widget-divider .elementor-divider-separator{display:flex;margin:0;direction:ltr}.elementor-widget-divider--view-line_icon .elementor-divider-separator,.elementor-widget-divider--view-line_text .elementor-divider-separator{align-items:center}.elementor-widget-divider--view-line_icon .elementor-divider-separator:after,.elementor-widget-divider--view-line_icon .elementor-divider-separator:before,.elementor-widget-divider--view-line_text .elementor-divider-separator:after,.elementor-widget-divider--view-line_text .elementor-divider-separator:before{display:block;content:\"\";border-bottom:0;flex-grow:1;border-top:var(--divider-border-width) var(--divider-border-style) var(--divider-color)}.elementor-widget-divider--element-align-left .elementor-divider .elementor-divider-separator>.elementor-divider__svg:first-of-type{flex-grow:0;flex-shrink:100}.elementor-widget-divider--element-align-left .elementor-divider-separator:before{content:none}.elementor-widget-divider--element-align-left .elementor-divider__element{margin-left:0}.elementor-widget-divider--element-align-right .elementor-divider .elementor-divider-separator>.elementor-divider__svg:last-of-type{flex-grow:0;flex-shrink:100}.elementor-widget-divider--element-align-right .elementor-divider-separator:after{content:none}.elementor-widget-divider--element-align-right .elementor-divider__element{margin-right:0}.elementor-widget-divider:not(.elementor-widget-divider--view-line_text):not(.elementor-widget-divider--view-line_icon) .elementor-divider-separator{border-top:var(--divider-border-width) var(--divider-border-style) var(--divider-color)}.elementor-widget-divider--separator-type-pattern{--divider-border-style:none}.elementor-widget-divider--separator-type-pattern.elementor-widget-divider--view-line .elementor-divider-separator,.elementor-widget-divider--separator-type-pattern:not(.elementor-widget-divider--view-line) .elementor-divider-separator:after,.elementor-widget-divider--separator-type-pattern:not(.elementor-widget-divider--view-line) .elementor-divider-separator:before,.elementor-widget-divider--separator-type-pattern:not([class*=elementor-widget-divider--view]) .elementor-divider-separator{width:100%;min-height:var(--divider-pattern-height);-webkit-mask-size:var(--divider-pattern-size) 100%;mask-size:var(--divider-pattern-size) 100%;-webkit-mask-repeat:var(--divider-pattern-repeat);mask-repeat:var(--divider-pattern-repeat);background-color:var(--divider-color);-webkit-mask-image:var(--divider-pattern-url);mask-image:var(--divider-pattern-url)}.elementor-widget-divider--no-spacing{--divider-pattern-size:auto}.elementor-widget-divider--bg-round{--divider-pattern-repeat:round}.rtl .elementor-widget-divider .elementor-divider__text{direction:rtl}.e-con-inner>.elementor-widget-divider,.e-con>.elementor-widget-divider{width:var(--container-widget-width,100%);--flex-grow:var(--container-widget-flex-grow)}<\/style>\t\t<div class=\"elementor-divider\">\n\t\t\t<span class=\"elementor-divider-separator\">\n\t\t\t\t\t\t<\/span>\n\t\t<\/div>\n\t\t\t\t<\/div>\n\t\t\t\t<\/div>\n\t\t\t\t<div class=\"elementor-element elementor-element-423c2b9 insurance-details__title-1 elementor-widget elementor-widget-heading\" data-id=\"423c2b9\" data-element_type=\"widget\" data-widget_type=\"heading.default\">\n\t\t\t\t<div class=\"elementor-widget-container\">\n\t\t\t<h3 class=\"elementor-heading-title elementor-size-default\">\u00bfNecesita asesoramiento?<\/h3>\t\t<\/div>\n\t\t\t\t<\/div>\n\t\t\t\t<div class=\"elementor-element elementor-element-4a29963 insurance-details__text-4 elementor-widget elementor-widget-heading\" data-id=\"4a29963\" data-element_type=\"widget\" data-widget_type=\"heading.default\">\n\t\t\t\t<div class=\"elementor-widget-container\">\n\t\t\t<p class=\"elementor-heading-title elementor-size-medium\">Hable con uno de nuestros expertos en seguros y responderemos cualquier pregunta que tenga o si desea asistencia sobre nuestros servicios.<br><br>Ll\u00e1menos al (+34) 722 231 782 y estaremos encantados de atenderle.<\/p>\t\t<\/div>\n\t\t\t\t<\/div>\n\t\t\t\t<div class=\"elementor-element elementor-element-b15081d elementor-widget elementor-widget-insur-icon-box\" data-id=\"b15081d\" data-element_type=\"widget\" data-widget_type=\"insur-icon-box.default\">\n\t\t\t\t<div class=\"elementor-widget-container\">\n\t\t\t    <ul class=\"insurance-details__points list-unstyled ml-0\">\r\n                                    <li>\r\n                    <div class=\"insurance-details__points-left\">\r\n                        <div class=\"insurance-details__points-icon insur-icon-svg\">\r\n                            <span aria-hidden=\"true\" class=\"   icon-fund\"><\/span>                        <\/div>\r\n                        <h3 class=\"insurance-details__points-title\">\r\n                            Ahorro de costes                        <\/h3>\r\n                    <\/div>\r\n                    <div class=\"insurance-details__points-right\">\r\n                        <p>Ahorro de costes en la b\u00fasqueda de informaci\u00f3n y tiempo, ofreciendo el seguro m\u00e1s adecuado.<\/p>\r\n                    <\/div>\r\n                <\/li>\r\n                            <li>\r\n                    <div class=\"insurance-details__points-left\">\r\n                        <div class=\"insurance-details__points-icon insur-icon-svg\">\r\n                            <span aria-hidden=\"true\" class=\"   icon-contract\"><\/span>                        <\/div>\r\n                        <h3 class=\"insurance-details__points-title\">\r\n                            An\u00e1lisis objetivo                        <\/h3>\r\n                    <\/div>\r\n                    <div class=\"insurance-details__points-right\">\r\n                        <p>Consistente en el estudio de un n\u00famero suficiente de contratos de seguros ofrecidos en el mercado sobre el riesgo objeto de cobertura.<\/p>\r\n                    <\/div>\r\n                <\/li>\r\n                            <li>\r\n                    <div class=\"insurance-details__points-left\">\r\n                        <div class=\"insurance-details__points-icon insur-icon-svg\">\r\n                            <span aria-hidden=\"true\" class=\"  icon-easy-to-use\"><\/span>                        <\/div>\r\n                        <h3 class=\"insurance-details__points-title\">\r\n                            Servicio personalizado                        <\/h3>\r\n                    <\/div>\r\n                    <div class=\"insurance-details__points-right\">\r\n                        <p>En la tramitaci\u00f3n y resoluci\u00f3n del siniestro.<\/p>\r\n                    <\/div>\r\n                <\/li>\r\n                        <\/ul>\r\n\t\t<\/div>\n\t\t\t\t<\/div>\n\t\t\t\t\t<\/div>\n\t\t<\/div>\n\t\t\t\t\t\t\t<\/div>\n\t\t<\/section>\n\t\t\t\t<section class=\"elementor-section elementor-top-section elementor-element elementor-element-61e1b12f elementor-section-full_width elementor-section-height-default elementor-section-height-default\" data-id=\"61e1b12f\" data-element_type=\"section\">\n\t\t\t\t\t\t<div class=\"elementor-container elementor-column-gap-no\">\n\t\t\t\t\t<div class=\"elementor-column elementor-col-100 elementor-top-column elementor-element elementor-element-32e17bb\" data-id=\"32e17bb\" data-element_type=\"column\">\n\t\t\t<div class=\"elementor-widget-wrap\">\n\t\t\t\t\t\t\t\t\t<\/div>\n\t\t<\/div>\n\t\t\t\t\t\t\t<\/div>\n\t\t<\/section>\n\t\t\t\t\t\t\t<\/div>\n\t\t","protected":false},"excerpt":{"rendered":"<p>Seguro de autom\u00f3vil Seguro de hogar Seguro de comunidades Seguro de vida Seguro de salud Protecci\u00f3n jur\u00eddica completa Seguro de responsabilidad civil Impago de alquiler vivienda Impago de alquiler de locales comerciales Seguro de incapacidad laboral temporal (ILT) Seguro de decesos Se garantiza la defensa o reclamaci\u00f3n de los derechos del asegurado, en v\u00eda judicial, [&hellip;]<\/p>\n","protected":false},"author":2,"featured_media":0,"parent":0,"menu_order":0,"comment_status":"closed","ping_status":"closed","template":"elementor_header_footer","meta":{"inline_featured_image":false},"_links":{"self":[{"href":"https:\/\/www.doalcorreduria.es\/index.php\/wp-json\/wp\/v2\/pages\/2367"}],"collection":[{"href":"https:\/\/www.doalcorreduria.es\/index.php\/wp-json\/wp\/v2\/pages"}],"about":[{"href":"https:\/\/www.doalcorreduria.es\/index.php\/wp-json\/wp\/v2\/types\/page"}],"author":[{"embeddable":true,"href":"https:\/\/www.doalcorreduria.es\/index.php\/wp-json\/wp\/v2\/users\/2"}],"replies":[{"embeddable":true,"href":"https:\/\/www.doalcorreduria.es\/index.php\/wp-json\/wp\/v2\/comments?post=2367"}],"version-history":[{"count":34,"href":"https:\/\/www.doalcorreduria.es\/index.php\/wp-json\/wp\/v2\/pages\/2367\/revisions"}],"predecessor-version":[{"id":4462,"href":"https:\/\/www.doalcorreduria.es\/index.php\/wp-json\/wp\/v2\/pages\/2367\/revisions\/4462"}],"wp:attachment":[{"href":"https:\/\/www.doalcorreduria.es\/index.php\/wp-json\/wp\/v2\/media?parent=2367"}],"curies":[{"name":"wp","href":"https:\/\/api.w.org\/{rel}","templated":true}]}}